{"id":2314,"date":"2023-12-27T12:25:53","date_gmt":"2023-12-27T08:25:53","guid":{"rendered":"https:\/\/xpengauto.az\/xpeng-tetbiqi\/"},"modified":"2025-04-08T12:47:28","modified_gmt":"2025-04-08T08:47:28","slug":"xpeng-tetbiqi","status":"publish","type":"page","link":"https:\/\/xpengauto.az\/en\/xpeng-tetbiqi\/","title":{"rendered":"XPENG APP"},"content":{"rendered":"\t\t<div data-elementor-type=\"wp-page\" data-elementor-id=\"2314\" class=\"elementor elementor-2314 elementor-2233\" data-elementor-post-type=\"page\">\n\t\t\t\t<div class=\"elementor-element elementor-element-af81d88 e-flex e-con-boxed e-con e-parent\" data-id=\"af81d88\" data-element_type=\"container\" data-settings=\"{&quot;background_background&quot;:&quot;classic&quot;,&quot;jet_parallax_layout_list&quot;:[]}\">\n\t\t\t\t\t<div class=\"e-con-inner\">\n\t\t\t\t<div class=\"elementor-element elementor-element-88bf7e4 elementor-hidden-mobile elementor-widget elementor-widget-image\" data-id=\"88bf7e4\" data-element_type=\"widget\" data-widget_type=\"image.default\">\n\t\t\t\t<div class=\"elementor-widget-container\">\n\t\t\t\t\t\t\t\t\t\t\t\t\t\t\t<img fetchpriority=\"high\" decoding=\"async\" width=\"500\" height=\"363\" src=\"https:\/\/xpengauto.az\/wp-content\/uploads\/2023\/12\/x.svg\" class=\"attachment-full size-full wp-image-850\" alt=\"\" \/>\t\t\t\t\t\t\t\t\t\t\t\t\t\t\t<\/div>\n\t\t\t\t<\/div>\n\t\t<div class=\"elementor-element elementor-element-d3415e2 e-flex e-con-boxed e-con e-child\" data-id=\"d3415e2\" data-element_type=\"container\" data-settings=\"{&quot;jet_parallax_layout_list&quot;:[]}\">\n\t\t\t\t\t<div class=\"e-con-inner\">\n\t\t\t\t<div class=\"elementor-element elementor-element-418d223 elementor-widget elementor-widget-image\" data-id=\"418d223\" data-element_type=\"widget\" data-widget_type=\"image.default\">\n\t\t\t\t<div class=\"elementor-widget-container\">\n\t\t\t\t\t\t\t\t\t\t\t\t\t\t\t<img decoding=\"async\" width=\"168\" height=\"56\" src=\"https:\/\/xpengauto.az\/wp-content\/uploads\/2023\/12\/app-store.f3c5cb87.svg\" class=\"attachment-full size-full wp-image-906\" alt=\"\" \/>\t\t\t\t\t\t\t\t\t\t\t\t\t\t\t<\/div>\n\t\t\t\t<\/div>\n\t\t\t\t<div class=\"elementor-element elementor-element-b1c4da8 elementor-widget elementor-widget-image\" data-id=\"b1c4da8\" data-element_type=\"widget\" data-widget_type=\"image.default\">\n\t\t\t\t<div class=\"elementor-widget-container\">\n\t\t\t\t\t\t\t\t\t\t\t\t\t\t\t<img decoding=\"async\" width=\"189\" height=\"56\" src=\"https:\/\/xpengauto.az\/wp-content\/uploads\/2023\/12\/google.93118a38.svg\" class=\"attachment-full size-full wp-image-908\" alt=\"\" \/>\t\t\t\t\t\t\t\t\t\t\t\t\t\t\t<\/div>\n\t\t\t\t<\/div>\n\t\t\t\t\t<\/div>\n\t\t\t\t<\/div>\n\t\t\t\t\t<\/div>\n\t\t\t\t<\/div>\n\t\t<div class=\"elementor-element elementor-element-6dbb07d e-flex e-con-boxed e-con e-parent\" data-id=\"6dbb07d\" data-element_type=\"container\" data-settings=\"{&quot;jet_parallax_layout_list&quot;:[]}\">\n\t\t\t\t\t<div class=\"e-con-inner\">\n\t\t<div class=\"elementor-element elementor-element-47dba79 e-con-full e-flex e-con e-child\" data-id=\"47dba79\" data-element_type=\"container\" data-settings=\"{&quot;background_background&quot;:&quot;classic&quot;,&quot;jet_parallax_layout_list&quot;:[]}\">\n\t\t\t\t<div class=\"elementor-element elementor-element-72860b2 elementor-widget elementor-widget-image\" data-id=\"72860b2\" data-element_type=\"widget\" data-widget_type=\"image.default\">\n\t\t\t\t<div class=\"elementor-widget-container\">\n\t\t\t\t\t\t\t\t\t\t\t\t\t\t\t<img loading=\"lazy\" decoding=\"async\" width=\"670\" height=\"502\" src=\"https:\/\/xpengauto.az\/wp-content\/uploads\/2023\/12\/p1.a75f61df.webp\" class=\"attachment-full size-full wp-image-2248\" alt=\"\" srcset=\"https:\/\/xpengauto.az\/wp-content\/uploads\/2023\/12\/p1.a75f61df.webp 670w, https:\/\/xpengauto.az\/wp-content\/uploads\/2023\/12\/p1.a75f61df-300x225.webp 300w, https:\/\/xpengauto.az\/wp-content\/uploads\/2023\/12\/p1.a75f61df-600x450.webp 600w\" sizes=\"(max-width: 670px) 100vw, 670px\" \/>\t\t\t\t\t\t\t\t\t\t\t\t\t\t\t<\/div>\n\t\t\t\t<\/div>\n\t\t\t\t<div class=\"elementor-element elementor-element-eec9255 elementor-widget elementor-widget-image\" data-id=\"eec9255\" data-element_type=\"widget\" data-widget_type=\"image.default\">\n\t\t\t\t<div class=\"elementor-widget-container\">\n\t\t\t\t\t\t\t\t\t\t\t\t\t\t\t<img loading=\"lazy\" decoding=\"async\" width=\"402\" height=\"250\" src=\"https:\/\/xpengauto.az\/wp-content\/uploads\/2023\/12\/p2.1b02ea99.png.webp\" class=\"attachment-full size-full wp-image-2250\" alt=\"\" srcset=\"https:\/\/xpengauto.az\/wp-content\/uploads\/2023\/12\/p2.1b02ea99.png.webp 402w, https:\/\/xpengauto.az\/wp-content\/uploads\/2023\/12\/p2.1b02ea99-300x187.png.webp 300w\" sizes=\"(max-width: 402px) 100vw, 402px\" \/>\t\t\t\t\t\t\t\t\t\t\t\t\t\t\t<\/div>\n\t\t\t\t<\/div>\n\t\t\t\t<\/div>\n\t\t<div class=\"elementor-element elementor-element-aaa8fd0 e-con-full e-flex e-con e-child\" data-id=\"aaa8fd0\" data-element_type=\"container\" data-settings=\"{&quot;jet_parallax_layout_list&quot;:[]}\">\n\t\t\t\t<div class=\"elementor-element elementor-element-bb91e0a elementor-widget__width-initial elementor-invisible elementor-widget elementor-widget-text-editor\" data-id=\"bb91e0a\" data-element_type=\"widget\" data-settings=\"{&quot;_animation&quot;:&quot;fadeInUp&quot;}\" data-widget_type=\"text-editor.default\">\n\t\t\t\t<div class=\"elementor-widget-container\">\n\t\t\t\t\t\t\t\t\t<p><strong>Qap\u0131lar\u0131n A\u00e7\u0131l\u0131b Kilidl\u0259nm\u0259si:<\/strong><br \/>XPENG mobil t\u0259tbiqi il\u0259 avtomobilin qap\u0131lar\u0131n\u0131 uzaqdan a\u00e7\u0131b kilidl\u0259m\u0259k m\u00fcmk\u00fcnd\u00fcr, bu da \u0259lav\u0259 rahatl\u0131q v\u0259 t\u0259hl\u00fck\u0259sizlik t\u0259qdim edir.<\/p>\n<p><strong>Avtomobilin Arxaya v\u0259 \u00d6n\u0259 H\u0259r\u0259k\u0259ti<\/strong>: Park etm\u0259yi asanla\u015fd\u0131ran bu x\u00fcsusiyy\u0259t dar yerl\u0259rd\u0259 avtomobili rahat yerl\u0259\u015fdirm\u0259 imkan\u0131 yarad\u0131r.<\/p>\n\t\t\t\t\t\t\t\t<\/div>\n\t\t\t\t<\/div>\n\t\t\t\t<\/div>\n\t\t\t\t\t<\/div>\n\t\t\t\t<\/div>\n\t\t<div class=\"elementor-element elementor-element-448867e e-flex e-con-boxed e-con e-parent\" data-id=\"448867e\" data-element_type=\"container\" data-settings=\"{&quot;jet_parallax_layout_list&quot;:[]}\">\n\t\t\t\t\t<div class=\"e-con-inner\">\n\t\t<div class=\"elementor-element elementor-element-32216d9 e-con-full e-flex e-con e-child\" data-id=\"32216d9\" data-element_type=\"container\" data-settings=\"{&quot;jet_parallax_layout_list&quot;:[]}\">\n\t\t\t\t<div class=\"elementor-element elementor-element-bf82914 elementor-widget__width-initial elementor-invisible elementor-widget elementor-widget-text-editor\" data-id=\"bf82914\" data-element_type=\"widget\" data-settings=\"{&quot;_animation&quot;:&quot;fadeInUp&quot;}\" data-widget_type=\"text-editor.default\">\n\t\t\t\t<div class=\"elementor-widget-container\">\n\t\t\t\t\t\t\t\t\t<p><strong>\u015earj Qapa\u011f\u0131n\u0131n A\u00e7\u0131lmas\u0131:<\/strong> \u015earj etm\u0259 vaxt\u0131 g\u0259ldikd\u0259, t\u0259tbiq vasit\u0259si il\u0259 \u015farj qapa\u011f\u0131n\u0131 a\u00e7maq m\u00fcmk\u00fcnd\u00fcr ki, bu da \u015farj prosesini daha s\u00fcr\u0259tli v\u0259 z\u0259hm\u0259tsiz edir.<\/p>\n<p><strong>\u015e\u00fc\u015f\u0259l\u0259rin A\u00e7\u0131l\u0131b Ba\u011flanmas\u0131:<\/strong> Avtomobilin p\u0259nc\u0259r\u0259l\u0259rini t\u0259tbiql\u0259 idar\u0259 etm\u0259k hava dola\u015f\u0131m\u0131n\u0131 idar\u0259 etm\u0259yi v\u0259 s\u0259rni\u015fin rahatl\u0131\u011f\u0131n\u0131 t\u0259min etm\u0259yi asanla\u015fd\u0131r\u0131r.<\/p>\n\t\t\t\t\t\t\t\t<\/div>\n\t\t\t\t<\/div>\n\t\t\t\t<\/div>\n\t\t<div class=\"elementor-element elementor-element-80d0c13 e-con-full e-flex e-con e-child\" data-id=\"80d0c13\" data-element_type=\"container\" data-settings=\"{&quot;background_background&quot;:&quot;classic&quot;,&quot;jet_parallax_layout_list&quot;:[]}\">\n\t\t\t\t<div class=\"elementor-element elementor-element-f3fd7f0 elementor-widget elementor-widget-image\" data-id=\"f3fd7f0\" data-element_type=\"widget\" data-widget_type=\"image.default\">\n\t\t\t\t<div class=\"elementor-widget-container\">\n\t\t\t\t\t\t\t\t\t\t\t\t\t\t\t<img loading=\"lazy\" decoding=\"async\" width=\"500\" height=\"418\" src=\"https:\/\/xpengauto.az\/wp-content\/uploads\/2023\/12\/p4.1f0e2e5f.png.webp\" class=\"attachment-full size-full wp-image-2264\" alt=\"\" srcset=\"https:\/\/xpengauto.az\/wp-content\/uploads\/2023\/12\/p4.1f0e2e5f.png.webp 500w, https:\/\/xpengauto.az\/wp-content\/uploads\/2023\/12\/p4.1f0e2e5f-300x251.png.webp 300w\" sizes=\"(max-width: 500px) 100vw, 500px\" \/>\t\t\t\t\t\t\t\t\t\t\t\t\t\t\t<\/div>\n\t\t\t\t<\/div>\n\t\t\t\t<div class=\"elementor-element elementor-element-d24efb4 elementor-widget elementor-widget-image\" data-id=\"d24efb4\" data-element_type=\"widget\" data-widget_type=\"image.default\">\n\t\t\t\t<div class=\"elementor-widget-container\">\n\t\t\t\t\t\t\t\t\t\t\t\t\t\t\t<img loading=\"lazy\" decoding=\"async\" width=\"300\" height=\"609\" src=\"https:\/\/xpengauto.az\/wp-content\/uploads\/2023\/12\/p3.25f2c3df.png.webp\" class=\"attachment-full size-full wp-image-2266\" alt=\"\" srcset=\"https:\/\/xpengauto.az\/wp-content\/uploads\/2023\/12\/p3.25f2c3df.png.webp 300w, https:\/\/xpengauto.az\/wp-content\/uploads\/2023\/12\/p3.25f2c3df-148x300.png.webp 148w\" sizes=\"(max-width: 300px) 100vw, 300px\" \/>\t\t\t\t\t\t\t\t\t\t\t\t\t\t\t<\/div>\n\t\t\t\t<\/div>\n\t\t\t\t<\/div>\n\t\t\t\t\t<\/div>\n\t\t\t\t<\/div>\n\t\t<div class=\"elementor-element elementor-element-1f40d2f e-flex e-con-boxed e-con e-parent\" data-id=\"1f40d2f\" data-element_type=\"container\" data-settings=\"{&quot;jet_parallax_layout_list&quot;:[]}\">\n\t\t\t\t\t<div class=\"e-con-inner\">\n\t\t<div class=\"elementor-element elementor-element-0e17ad1 e-con-full e-flex e-con e-child\" data-id=\"0e17ad1\" data-element_type=\"container\" data-settings=\"{&quot;background_background&quot;:&quot;classic&quot;,&quot;jet_parallax_layout_list&quot;:[]}\">\n\t\t\t\t<div class=\"elementor-element elementor-element-d80dbb9 elementor-widget elementor-widget-image\" data-id=\"d80dbb9\" data-element_type=\"widget\" data-widget_type=\"image.default\">\n\t\t\t\t<div class=\"elementor-widget-container\">\n\t\t\t\t\t\t\t\t\t\t\t\t\t\t\t<img loading=\"lazy\" decoding=\"async\" width=\"500\" height=\"418\" src=\"https:\/\/xpengauto.az\/wp-content\/uploads\/2023\/12\/p6.ee60149d.png.webp\" class=\"attachment-full size-full wp-image-2273\" alt=\"\" srcset=\"https:\/\/xpengauto.az\/wp-content\/uploads\/2023\/12\/p6.ee60149d.png.webp 500w, https:\/\/xpengauto.az\/wp-content\/uploads\/2023\/12\/p6.ee60149d-300x251.png.webp 300w\" sizes=\"(max-width: 500px) 100vw, 500px\" \/>\t\t\t\t\t\t\t\t\t\t\t\t\t\t\t<\/div>\n\t\t\t\t<\/div>\n\t\t\t\t<div class=\"elementor-element elementor-element-340b7fc elementor-widget elementor-widget-image\" data-id=\"340b7fc\" data-element_type=\"widget\" data-widget_type=\"image.default\">\n\t\t\t\t<div class=\"elementor-widget-container\">\n\t\t\t\t\t\t\t\t\t\t\t\t\t\t\t<img loading=\"lazy\" decoding=\"async\" width=\"300\" height=\"609\" src=\"https:\/\/xpengauto.az\/wp-content\/uploads\/2023\/12\/p5.246b9300.png.webp\" class=\"attachment-full size-full wp-image-2271\" alt=\"\" srcset=\"https:\/\/xpengauto.az\/wp-content\/uploads\/2023\/12\/p5.246b9300.png.webp 300w, https:\/\/xpengauto.az\/wp-content\/uploads\/2023\/12\/p5.246b9300-148x300.png.webp 148w\" sizes=\"(max-width: 300px) 100vw, 300px\" \/>\t\t\t\t\t\t\t\t\t\t\t\t\t\t\t<\/div>\n\t\t\t\t<\/div>\n\t\t\t\t<\/div>\n\t\t<div class=\"elementor-element elementor-element-712e053 e-con-full e-flex e-con e-child\" data-id=\"712e053\" data-element_type=\"container\" data-settings=\"{&quot;jet_parallax_layout_list&quot;:[]}\">\n\t\t\t\t<div class=\"elementor-element elementor-element-f7b5916 elementor-widget__width-initial elementor-invisible elementor-widget elementor-widget-text-editor\" data-id=\"f7b5916\" data-element_type=\"widget\" data-settings=\"{&quot;_animation&quot;:&quot;fadeInUp&quot;}\" data-widget_type=\"text-editor.default\">\n\t\t\t\t<div class=\"elementor-widget-container\">\n\t\t\t\t\t\t\t\t\t<p><strong>Istilik Sisteminin \u0130dar\u0259 Olunmas\u0131:<\/strong> T\u0259tbiq vasit\u0259sil\u0259 \u0259vv\u0259lc\u0259d\u0259n avtomobilin i\u00e7 m\u00fchitinin isidilib soyudulmas\u0131 s\u0259yah\u0259t\u0259 uy\u011fun temperaturda ba\u015flamaq f\u00fcrs\u0259ti yarad\u0131r.<\/p>\n<p><strong>F\u0259n\u0259rl\u0259rin T\u0259nziml\u0259nm\u0259si:<\/strong> Avtomobilin f\u0259n\u0259rl\u0259rini t\u0259tbiq \u00fcz\u0259rind\u0259n t\u0259nziml\u0259m\u0259k yol \u015f\u0259raitin\u0259 uy\u011fun i\u015f\u0131qland\u0131rman\u0131 idar\u0259 etm\u0259y\u0259 k\u00f6m\u0259k edir.<\/p>\n\t\t\t\t\t\t\t\t<\/div>\n\t\t\t\t<\/div>\n\t\t\t\t<\/div>\n\t\t\t\t\t<\/div>\n\t\t\t\t<\/div>\n\t\t<div class=\"elementor-element elementor-element-32136f9 e-flex e-con-boxed e-con e-parent\" data-id=\"32136f9\" data-element_type=\"container\" data-settings=\"{&quot;jet_parallax_layout_list&quot;:[]}\">\n\t\t\t\t\t<div class=\"e-con-inner\">\n\t\t<div class=\"elementor-element elementor-element-a491484 e-con-full e-flex e-con e-child\" data-id=\"a491484\" data-element_type=\"container\" data-settings=\"{&quot;jet_parallax_layout_list&quot;:[]}\">\n\t\t\t\t<div class=\"elementor-element elementor-element-748736d elementor-widget__width-initial elementor-invisible elementor-widget elementor-widget-text-editor\" data-id=\"748736d\" data-element_type=\"widget\" data-settings=\"{&quot;_animation&quot;:&quot;fadeInUp&quot;}\" data-widget_type=\"text-editor.default\">\n\t\t\t\t<div class=\"elementor-widget-container\">\n\t\t\t\t\t\t\t\t\t<p><strong>Baqaj Kapotunun A\u00e7\u0131lmas\u0131 v\u0259 Ba\u011flanmas\u0131:<\/strong> Y\u00fckl\u0259ri asanl\u0131qla yerl\u0259\u015fdirm\u0259k v\u0259 g\u00f6t\u00fcrm\u0259k \u00fc\u00e7\u00fcn baqaj kapotunu mobil t\u0259tbiq il\u0259 a\u00e7\u0131b ba\u011flamaq s\u00fcr\u00fcc\u00fcn\u00fcn i\u015fini daha rahat edir.<\/p>\n\t\t\t\t\t\t\t\t<\/div>\n\t\t\t\t<\/div>\n\t\t\t\t<\/div>\n\t\t<div class=\"elementor-element elementor-element-dc9f684 e-con-full e-flex e-con e-child\" data-id=\"dc9f684\" data-element_type=\"container\" data-settings=\"{&quot;background_background&quot;:&quot;classic&quot;,&quot;jet_parallax_layout_list&quot;:[]}\">\n\t\t\t\t<div class=\"elementor-element elementor-element-4e721ca elementor-widget elementor-widget-image\" data-id=\"4e721ca\" data-element_type=\"widget\" data-widget_type=\"image.default\">\n\t\t\t\t<div class=\"elementor-widget-container\">\n\t\t\t\t\t\t\t\t\t\t\t\t\t\t\t<img loading=\"lazy\" decoding=\"async\" width=\"500\" height=\"418\" src=\"https:\/\/xpengauto.az\/wp-content\/uploads\/2023\/12\/p7.90870e18.png.webp\" class=\"attachment-full size-full wp-image-2285\" alt=\"\" srcset=\"https:\/\/xpengauto.az\/wp-content\/uploads\/2023\/12\/p7.90870e18.png.webp 500w, https:\/\/xpengauto.az\/wp-content\/uploads\/2023\/12\/p7.90870e18-300x251.png.webp 300w\" sizes=\"(max-width: 500px) 100vw, 500px\" \/>\t\t\t\t\t\t\t\t\t\t\t\t\t\t\t<\/div>\n\t\t\t\t<\/div>\n\t\t\t\t<div class=\"elementor-element elementor-element-78f13fd elementor-widget elementor-widget-image\" data-id=\"78f13fd\" data-element_type=\"widget\" data-widget_type=\"image.default\">\n\t\t\t\t<div class=\"elementor-widget-container\">\n\t\t\t\t\t\t\t\t\t\t\t\t\t\t\t<img loading=\"lazy\" decoding=\"async\" width=\"300\" height=\"609\" src=\"https:\/\/xpengauto.az\/wp-content\/uploads\/2023\/12\/p8.ee0404e7.png.webp\" class=\"attachment-full size-full wp-image-2287\" alt=\"\" srcset=\"https:\/\/xpengauto.az\/wp-content\/uploads\/2023\/12\/p8.ee0404e7.png.webp 300w, https:\/\/xpengauto.az\/wp-content\/uploads\/2023\/12\/p8.ee0404e7-148x300.png.webp 148w\" sizes=\"(max-width: 300px) 100vw, 300px\" \/>\t\t\t\t\t\t\t\t\t\t\t\t\t\t\t<\/div>\n\t\t\t\t<\/div>\n\t\t\t\t<\/div>\n\t\t\t\t\t<\/div>\n\t\t\t\t<\/div>\n\t\t\t\t<\/div>\n\t\t","protected":false},"excerpt":{"rendered":"<p>Qap\u0131lar\u0131n A\u00e7\u0131l\u0131b Kilidl\u0259nm\u0259si:XPENG mobil t\u0259tbiqi il\u0259 avtomobilin qap\u0131lar\u0131n\u0131 uzaqdan a\u00e7\u0131b kilidl\u0259m\u0259k m\u00fcmk\u00fcnd\u00fcr, bu da \u0259lav\u0259 rahatl\u0131q v\u0259 t\u0259hl\u00fck\u0259sizlik t\u0259qdim edir. Avtomobilin Arxaya v\u0259 \u00d6n\u0259 H\u0259r\u0259k\u0259ti: Park etm\u0259yi asanla\u015fd\u0131ran bu x\u00fcsusiyy\u0259t dar yerl\u0259rd\u0259 avtomobili rahat yerl\u0259\u015fdirm\u0259 imkan\u0131 yarad\u0131r. \u015earj Qapa\u011f\u0131n\u0131n A\u00e7\u0131lmas\u0131: \u015earj etm\u0259 vaxt\u0131 g\u0259ldikd\u0259, t\u0259tbiq vasit\u0259si il\u0259 \u015farj qapa\u011f\u0131n\u0131 a\u00e7maq m\u00fcmk\u00fcnd\u00fcr ki, bu da \u015farj [&hellip;]<\/p>\n","protected":false},"author":1,"featured_media":0,"parent":0,"menu_order":0,"comment_status":"closed","ping_status":"closed","template":"","meta":{"_acf_changed":false,"inline_featured_image":false,"footnotes":""},"class_list":["post-2314","page","type-page","status-publish","hentry"],"acf":[],"yoast_head":"<!-- This site is optimized with the Yoast SEO Premium plugin v21.8 (Yoast SEO v25.4) - https:\/\/yoast.com\/wordpress\/plugins\/seo\/ -->\n<title>XPeng App - 24\/7 Smart Control for Your Electric Car<\/title>\n<meta name=\"description\" content=\"Manage your XPeng electric car with the XPeng App. Enjoy 24\/7 control, advanced features, and schedule your test drive today!\" \/>\n<meta name=\"robots\" content=\"index, follow, max-snippet:-1, max-image-preview:large, max-video-preview:-1\" \/>\n<link rel=\"canonical\" href=\"https:\/\/xpengauto.az\/en\/xpeng-tetbiqi\/\" \/>\n<meta property=\"og:locale\" content=\"en_US\" \/>\n<meta property=\"og:type\" content=\"article\" \/>\n<meta property=\"og:title\" content=\"XPENG APP\" \/>\n<meta property=\"og:description\" content=\"Manage your XPeng electric car with the XPeng App. Enjoy 24\/7 control, advanced features, and schedule your test drive today!\" \/>\n<meta property=\"og:url\" content=\"https:\/\/xpengauto.az\/en\/xpeng-tetbiqi\/\" \/>\n<meta property=\"og:site_name\" content=\"xpengauto\" \/>\n<meta property=\"article:publisher\" content=\"https:\/\/www.facebook.com\/XpengAzerbaijan\" \/>\n<meta property=\"article:modified_time\" content=\"2025-04-08T08:47:28+00:00\" \/>\n<meta name=\"twitter:card\" content=\"summary_large_image\" \/>\n<meta name=\"twitter:label1\" content=\"Est. reading time\" \/>\n\t<meta name=\"twitter:data1\" content=\"3 minutes\" \/>\n<script type=\"application\/ld+json\" class=\"yoast-schema-graph\">{\"@context\":\"https:\/\/schema.org\",\"@graph\":[{\"@type\":\"WebPage\",\"@id\":\"https:\/\/xpengauto.az\/en\/xpeng-tetbiqi\/\",\"url\":\"https:\/\/xpengauto.az\/en\/xpeng-tetbiqi\/\",\"name\":\"XPeng App - 24\/7 Smart Control for Your Electric Car\",\"isPartOf\":{\"@id\":\"https:\/\/xpengauto.az\/en\/#website\"},\"primaryImageOfPage\":{\"@id\":\"https:\/\/xpengauto.az\/en\/xpeng-tetbiqi\/#primaryimage\"},\"image\":{\"@id\":\"https:\/\/xpengauto.az\/en\/xpeng-tetbiqi\/#primaryimage\"},\"thumbnailUrl\":\"https:\/\/xpengauto.az\/wp-content\/uploads\/2023\/12\/x.svg\",\"datePublished\":\"2023-12-27T08:25:53+00:00\",\"dateModified\":\"2025-04-08T08:47:28+00:00\",\"description\":\"Manage your XPeng electric car with the XPeng App. Enjoy 24\/7 control, advanced features, and schedule your test drive today!\",\"breadcrumb\":{\"@id\":\"https:\/\/xpengauto.az\/en\/xpeng-tetbiqi\/#breadcrumb\"},\"inLanguage\":\"en-US\",\"potentialAction\":[{\"@type\":\"ReadAction\",\"target\":[\"https:\/\/xpengauto.az\/en\/xpeng-tetbiqi\/\"]}]},{\"@type\":\"ImageObject\",\"inLanguage\":\"en-US\",\"@id\":\"https:\/\/xpengauto.az\/en\/xpeng-tetbiqi\/#primaryimage\",\"url\":\"https:\/\/xpengauto.az\/wp-content\/uploads\/2023\/12\/x.svg\",\"contentUrl\":\"https:\/\/xpengauto.az\/wp-content\/uploads\/2023\/12\/x.svg\"},{\"@type\":\"BreadcrumbList\",\"@id\":\"https:\/\/xpengauto.az\/en\/xpeng-tetbiqi\/#breadcrumb\",\"itemListElement\":[{\"@type\":\"ListItem\",\"position\":1,\"name\":\"Ana s\u0259hif\u0259\",\"item\":\"https:\/\/xpengauto.az\/en\/\"},{\"@type\":\"ListItem\",\"position\":2,\"name\":\"XPENG APP\"}]},{\"@type\":\"WebSite\",\"@id\":\"https:\/\/xpengauto.az\/en\/#website\",\"url\":\"https:\/\/xpengauto.az\/en\/\",\"name\":\"xpengauto\",\"description\":\"xpengauto\",\"publisher\":{\"@id\":\"https:\/\/xpengauto.az\/en\/#organization\"},\"alternateName\":\"xpengauto\",\"potentialAction\":[{\"@type\":\"SearchAction\",\"target\":{\"@type\":\"EntryPoint\",\"urlTemplate\":\"https:\/\/xpengauto.az\/en\/?s={search_term_string}\"},\"query-input\":{\"@type\":\"PropertyValueSpecification\",\"valueRequired\":true,\"valueName\":\"search_term_string\"}}],\"inLanguage\":\"en-US\"},{\"@type\":\"Organization\",\"@id\":\"https:\/\/xpengauto.az\/en\/#organization\",\"name\":\"Xpeng Azerbaijan\",\"url\":\"https:\/\/xpengauto.az\/en\/\",\"logo\":{\"@type\":\"ImageObject\",\"inLanguage\":\"en-US\",\"@id\":\"https:\/\/xpengauto.az\/en\/#\/schema\/logo\/image\/\",\"url\":\"https:\/\/xpengauto.az\/wp-content\/uploads\/2023\/11\/logo.370a4318-2.svg\",\"contentUrl\":\"https:\/\/xpengauto.az\/wp-content\/uploads\/2023\/11\/logo.370a4318-2.svg\",\"width\":147,\"height\":18,\"caption\":\"Xpeng Azerbaijan\"},\"image\":{\"@id\":\"https:\/\/xpengauto.az\/en\/#\/schema\/logo\/image\/\"},\"sameAs\":[\"https:\/\/www.facebook.com\/XpengAzerbaijan\",\"https:\/\/www.instagram.com\/xpeng_azerbaijan\/\",\"https:\/\/www.youtube.com\/@xpeng_azerbaijan\",\"https:\/\/www.tiktok.com\/@xpeng_azerbaijan\"]}]}<\/script>\n<!-- \/ Yoast SEO Premium plugin. -->","yoast_head_json":{"title":"XPeng App - 24\/7 Smart Control for Your Electric Car","description":"Manage your XPeng electric car with the XPeng App. Enjoy 24\/7 control, advanced features, and schedule your test drive today!","robots":{"index":"index","follow":"follow","max-snippet":"max-snippet:-1","max-image-preview":"max-image-preview:large","max-video-preview":"max-video-preview:-1"},"canonical":"https:\/\/xpengauto.az\/en\/xpeng-tetbiqi\/","og_locale":"en_US","og_type":"article","og_title":"XPENG APP","og_description":"Manage your XPeng electric car with the XPeng App. Enjoy 24\/7 control, advanced features, and schedule your test drive today!","og_url":"https:\/\/xpengauto.az\/en\/xpeng-tetbiqi\/","og_site_name":"xpengauto","article_publisher":"https:\/\/www.facebook.com\/XpengAzerbaijan","article_modified_time":"2025-04-08T08:47:28+00:00","twitter_card":"summary_large_image","twitter_misc":{"Est. reading time":"3 minutes"},"schema":{"@context":"https:\/\/schema.org","@graph":[{"@type":"WebPage","@id":"https:\/\/xpengauto.az\/en\/xpeng-tetbiqi\/","url":"https:\/\/xpengauto.az\/en\/xpeng-tetbiqi\/","name":"XPeng App - 24\/7 Smart Control for Your Electric Car","isPartOf":{"@id":"https:\/\/xpengauto.az\/en\/#website"},"primaryImageOfPage":{"@id":"https:\/\/xpengauto.az\/en\/xpeng-tetbiqi\/#primaryimage"},"image":{"@id":"https:\/\/xpengauto.az\/en\/xpeng-tetbiqi\/#primaryimage"},"thumbnailUrl":"https:\/\/xpengauto.az\/wp-content\/uploads\/2023\/12\/x.svg","datePublished":"2023-12-27T08:25:53+00:00","dateModified":"2025-04-08T08:47:28+00:00","description":"Manage your XPeng electric car with the XPeng App. Enjoy 24\/7 control, advanced features, and schedule your test drive today!","breadcrumb":{"@id":"https:\/\/xpengauto.az\/en\/xpeng-tetbiqi\/#breadcrumb"},"inLanguage":"en-US","potentialAction":[{"@type":"ReadAction","target":["https:\/\/xpengauto.az\/en\/xpeng-tetbiqi\/"]}]},{"@type":"ImageObject","inLanguage":"en-US","@id":"https:\/\/xpengauto.az\/en\/xpeng-tetbiqi\/#primaryimage","url":"https:\/\/xpengauto.az\/wp-content\/uploads\/2023\/12\/x.svg","contentUrl":"https:\/\/xpengauto.az\/wp-content\/uploads\/2023\/12\/x.svg"},{"@type":"BreadcrumbList","@id":"https:\/\/xpengauto.az\/en\/xpeng-tetbiqi\/#breadcrumb","itemListElement":[{"@type":"ListItem","position":1,"name":"Ana s\u0259hif\u0259","item":"https:\/\/xpengauto.az\/en\/"},{"@type":"ListItem","position":2,"name":"XPENG APP"}]},{"@type":"WebSite","@id":"https:\/\/xpengauto.az\/en\/#website","url":"https:\/\/xpengauto.az\/en\/","name":"xpengauto","description":"xpengauto","publisher":{"@id":"https:\/\/xpengauto.az\/en\/#organization"},"alternateName":"xpengauto","potentialAction":[{"@type":"SearchAction","target":{"@type":"EntryPoint","urlTemplate":"https:\/\/xpengauto.az\/en\/?s={search_term_string}"},"query-input":{"@type":"PropertyValueSpecification","valueRequired":true,"valueName":"search_term_string"}}],"inLanguage":"en-US"},{"@type":"Organization","@id":"https:\/\/xpengauto.az\/en\/#organization","name":"Xpeng Azerbaijan","url":"https:\/\/xpengauto.az\/en\/","logo":{"@type":"ImageObject","inLanguage":"en-US","@id":"https:\/\/xpengauto.az\/en\/#\/schema\/logo\/image\/","url":"https:\/\/xpengauto.az\/wp-content\/uploads\/2023\/11\/logo.370a4318-2.svg","contentUrl":"https:\/\/xpengauto.az\/wp-content\/uploads\/2023\/11\/logo.370a4318-2.svg","width":147,"height":18,"caption":"Xpeng Azerbaijan"},"image":{"@id":"https:\/\/xpengauto.az\/en\/#\/schema\/logo\/image\/"},"sameAs":["https:\/\/www.facebook.com\/XpengAzerbaijan","https:\/\/www.instagram.com\/xpeng_azerbaijan\/","https:\/\/www.youtube.com\/@xpeng_azerbaijan","https:\/\/www.tiktok.com\/@xpeng_azerbaijan"]}]}},"_links":{"self":[{"href":"https:\/\/xpengauto.az\/en\/wp-json\/wp\/v2\/pages\/2314","targetHints":{"allow":["GET"]}}],"collection":[{"href":"https:\/\/xpengauto.az\/en\/wp-json\/wp\/v2\/pages"}],"about":[{"href":"https:\/\/xpengauto.az\/en\/wp-json\/wp\/v2\/types\/page"}],"author":[{"embeddable":true,"href":"https:\/\/xpengauto.az\/en\/wp-json\/wp\/v2\/users\/1"}],"replies":[{"embeddable":true,"href":"https:\/\/xpengauto.az\/en\/wp-json\/wp\/v2\/comments?post=2314"}],"version-history":[{"count":16,"href":"https:\/\/xpengauto.az\/en\/wp-json\/wp\/v2\/pages\/2314\/revisions"}],"predecessor-version":[{"id":5921,"href":"https:\/\/xpengauto.az\/en\/wp-json\/wp\/v2\/pages\/2314\/revisions\/5921"}],"wp:attachment":[{"href":"https:\/\/xpengauto.az\/en\/wp-json\/wp\/v2\/media?parent=2314"}],"curies":[{"name":"wp","href":"https:\/\/api.w.org\/{rel}","templated":true}]}}